{"id":821,"date":"2021-01-18T14:12:09","date_gmt":"2021-01-18T14:12:09","guid":{"rendered":"https:\/\/uusi.miikahamalainen.com\/?page_id=821"},"modified":"2021-01-22T08:59:58","modified_gmt":"2021-01-22T08:59:58","slug":"valokuvaaja","status":"publish","type":"page","link":"https:\/\/uusi.miikahamalainen.com\/","title":{"rendered":"Etusivu"},"content":{"rendered":"<p>[et_pb_section fb_built=&#8221;1&#8243; fullwidth=&#8221;on&#8221; _builder_version=&#8221;4.8.1&#8243; _module_preset=&#8221;default&#8221; max_height=&#8221;1000px&#8221; custom_margin=&#8221;||||false|false&#8221; custom_padding=&#8221;||||false|false&#8221;][et_pb_fullwidth_slider use_bg_overlay=&#8221;off&#8221; use_text_overlay=&#8221;off&#8221; _builder_version=&#8221;4.8.1&#8243; _module_preset=&#8221;default&#8221; content_max_width_tablet=&#8221;&#8221; content_max_width_phone=&#8221;&#8221; content_max_width_last_edited=&#8221;on|phone&#8221; min_height=&#8221;680px&#8221; max_height=&#8221;747px&#8221; custom_margin=&#8221;||||false|false&#8221; custom_padding=&#8221;100px||100px||false|false&#8221; auto=&#8221;on&#8221; auto_speed=&#8221;4000&#8243; auto_ignore_hover=&#8221;on&#8221;][et_pb_slide _builder_version=&#8221;4.8.1&#8243; _module_preset=&#8221;default&#8221; background_color=&#8221;RGBA(0,0,0,0)&#8221; background_enable_color=&#8221;on&#8221; background_image=&#8221;https:\/\/uusi.miikahamalainen.com\/wp-content\/uploads\/2021\/01\/henkilo\u030819-scaled.jpg&#8221; background_enable_image=&#8221;on&#8221; sticky_transition=&#8221;on&#8221;][\/et_pb_slide][et_pb_slide _builder_version=&#8221;4.8.1&#8243; _module_preset=&#8221;default&#8221; background_color=&#8221;RGBA(0,0,0,0)&#8221; background_enable_color=&#8221;on&#8221; background_image=&#8221;https:\/\/uusi.miikahamalainen.com\/wp-content\/uploads\/2021\/01\/KANSIKUVAT1-scaled.jpg&#8221; background_enable_image=&#8221;on&#8221; sticky_transition=&#8221;on&#8221;][\/et_pb_slide][et_pb_slide use_bg_overlay=&#8221;on&#8221; _builder_version=&#8221;4.8.1&#8243; _module_preset=&#8221;default&#8221; background_color=&#8221;RGBA(0,0,0,0)&#8221; background_enable_color=&#8221;on&#8221; background_image=&#8221;https:\/\/uusi.miikahamalainen.com\/wp-content\/uploads\/2021\/01\/KANSIKUVAT2-scaled.jpg&#8221; background_enable_image=&#8221;on&#8221; width=&#8221;100%&#8221; max_width=&#8221;100%&#8221; custom_padding=&#8221;200px||200px||false|false&#8221; button_text__hover_enabled=&#8221;on|desktop&#8221; sticky_transition=&#8221;on&#8221;][\/et_pb_slide][\/et_pb_fullwidth_slider][\/et_pb_section][et_pb_section fb_built=&#8221;1&#8243; _builder_version=&#8221;4.8.1&#8243; _module_preset=&#8221;default&#8221; background_color=&#8221;#f2f2f2&#8243;][et_pb_row _builder_version=&#8221;4.8.1&#8243; _module_preset=&#8221;default&#8221;][et_pb_column type=&#8221;4_4&#8243; _builder_version=&#8221;4.8.1&#8243; _module_preset=&#8221;default&#8221;][et_pb_text _builder_version=&#8221;4.8.1&#8243; _module_preset=&#8221;default&#8221; text_font=&#8221;Montserrat||||||||&#8221; header_line_height_tablet=&#8221;&#8221; header_line_height_phone=&#8221;1.3em&#8221; header_line_height_last_edited=&#8221;on|phone&#8221;]<\/p>\n<h1 style=\"text-align: center;\">Valokuvaaja Miika H\u00e4m\u00e4l\u00e4inen<\/h1>\n<p>[\/et_pb_text][\/et_pb_column][\/et_pb_row][et_pb_row column_structure=&#8221;1_2,1_2&#8243; _builder_version=&#8221;4.8.1&#8243; _module_preset=&#8221;default&#8221; custom_padding=&#8221;9px|||||&#8221;][et_pb_column type=&#8221;1_2&#8243; _builder_version=&#8221;4.8.1&#8243; _module_preset=&#8221;default&#8221;][et_pb_image src=&#8221;https:\/\/uusi.miikahamalainen.com\/wp-content\/uploads\/2021\/01\/mina\u0308-001-scaled.jpg&#8221; title_text=&#8221;mina\u0308-001&#8243; _builder_version=&#8221;4.8.1&#8243; _module_preset=&#8221;default&#8221; width=&#8221;71%&#8221; module_alignment=&#8221;center&#8221;][\/et_pb_image][\/et_pb_column][et_pb_column type=&#8221;1_2&#8243; _builder_version=&#8221;4.8.1&#8243; _module_preset=&#8221;default&#8221;][et_pb_text _builder_version=&#8221;4.8.1&#8243; _module_preset=&#8221;default&#8221; custom_padding_tablet=&#8221;&#8221; custom_padding_phone=&#8221;30px||||false|false&#8221; custom_padding_last_edited=&#8221;on|phone&#8221;]<\/p>\n<p>Tervetuloa sivuilleni! Olen rovaniemel\u00e4inen ammattivalokuvaaja. Aloitin valokuvaamisen vuonna 2007 ja valmistuin valokuvaajan ammattiin 2017.<\/p>\n<p>Valokuvaaminen mahdollistaa hetkien ikuistamisen. Palveluihini kuuluu monipuolisia kuvauspalveluita Lapin alueella, mutta tarvittaessa pystyn liikkumaan muuallekin p\u00e4in Suomea. Sivuitani l\u00f6yd\u00e4t esimerkkej\u00e4 erilaisista toteuttamistani kuvauksista. Kuvaan yksityis- ja yritysasiakkaille. Kuvat toimitan valmiiksi k\u00e4siteltyin\u00e4 digitiedostoina.<\/p>\n<p>Minulle on t\u00e4rke\u00e4\u00e4 kuunnella asiakkaan toiveita ja luoda mukavia muistoja kuvien kautta.\u00a0Olen eritt\u00e4in sosiaalinen ja tykk\u00e4\u00e4n olla ihmisten kanssa tekemisiss\u00e4.<\/p>\n<p>Ota Rohkeasti yhteytt\u00e4!<\/p>\n<p>[\/et_pb_text][\/et_pb_column][\/et_pb_row][\/et_pb_section][et_pb_section fb_built=&#8221;1&#8243; admin_label=&#8221;Gallery&#8221; _builder_version=&#8221;4.8.1&#8243; background_color=&#8221;#f2f2f2&#8243; hover_enabled=&#8221;0&#8243; custom_padding_last_edited=&#8221;on|phone&#8221; sticky_enabled=&#8221;0&#8243; custom_padding_phone=&#8221;||40px||false|false&#8221;][et_pb_row _builder_version=&#8221;4.8.1&#8243; _module_preset=&#8221;default&#8221; width=&#8221;90%&#8221;][et_pb_column type=&#8221;4_4&#8243; _builder_version=&#8221;4.8.1&#8243; _module_preset=&#8221;default&#8221;][et_pb_text admin_label=&#8221;Teksti&#8221; _builder_version=&#8221;4.8.1&#8243; _module_preset=&#8221;default&#8221; z_index=&#8221;500&#8243; custom_margin=&#8221;||-4em||false|false&#8221; custom_margin_tablet=&#8221;&#8221; custom_margin_phone=&#8221;||-3em||false|false&#8221; custom_margin_last_edited=&#8221;on|phone&#8221;]<\/p>\n<h1 style=\"text-align: center;\">Uudet<\/h1>\n<p>[\/et_pb_text][et_pb_text _builder_version=&#8221;4.8.1&#8243; text_font=&#8221;Petit Formal Script||||||||&#8221; text_text_color=&#8221;rgba(226,226,226,0.29)&#8221; text_font_size=&#8221;140px&#8221; text_line_height=&#8221;1em&#8221; text_orientation=&#8221;center&#8221; width_tablet=&#8221;&#8221; width_phone=&#8221;100%&#8221; width_last_edited=&#8221;on|desktop&#8221; module_alignment=&#8221;center&#8221; custom_margin=&#8221;0em||0.1em||false|false&#8221; custom_margin_tablet=&#8221;0em||0.1em||false|false&#8221; custom_margin_phone=&#8221;||0.3em||false|false&#8221; custom_margin_last_edited=&#8221;on|phone&#8221; scroll_horizontal_motion_enable=&#8221;on&#8221; scroll_horizontal_motion=&#8221;0|50|50|99|0.5|0|-0.5&#8243; scroll_fade_enable=&#8221;on&#8221; scroll_blur_enable=&#8221;on&#8221; text_font_size_tablet=&#8221;100px&#8221; text_font_size_phone=&#8221;51px&#8221; text_font_size_last_edited=&#8221;on|phone&#8221; header_font_size_tablet=&#8221;&#8221; header_font_size_phone=&#8221;55px&#8221; header_font_size_last_edited=&#8221;on|phone&#8221; locked=&#8221;off&#8221;]<\/p>\n<p style=\"text-align: center;\"><span style=\"color: #ffffff;\">Valokuvat<\/span><\/p>\n<p>[\/et_pb_text][dmg_masonry_gallery gallery=&#8221;834,966,962,953,930,920,909,888,883,872,863,843&#8243; columns=&#8221;4&#8243; gutter=&#8221;29&#8243; columns_tablet=&#8221;&#8221; columns_phone=&#8221;2&#8243; columns_last_edited=&#8221;on|tablet&#8221; gutter_tablet=&#8221;21&#8243; gutter_phone=&#8221;16&#8243; gutter_last_edited=&#8221;on|tablet&#8221; _builder_version=&#8221;4.8.1&#8243; _module_preset=&#8221;default&#8221; animation_style=&#8221;fade&#8221;][\/dmg_masonry_gallery][\/et_pb_column][\/et_pb_row][et_pb_row _builder_version=&#8221;4.8.1&#8243; _module_preset=&#8221;default&#8221; border_color_all=&#8221;#ffffff&#8221;][et_pb_column type=&#8221;4_4&#8243; _builder_version=&#8221;4.8.1&#8243; _module_preset=&#8221;default&#8221;][et_pb_code _builder_version=&#8221;4.8.1&#8243; _module_preset=&#8221;default&#8221; border_width_all=&#8221;2px&#8221; border_color_all=&#8221;#FFFFFF&#8221;]        <div class=\"spotlight-instagram-feed\" data-feed-var=\"feed69e20d745ea44\"><\/div>\n        <meta name=\"sli__f__feed69e20d745ea44\" content=\"{&quot;accounts&quot;:[1327],&quot;hashtags&quot;:[],&quot;tagged&quot;:[],&quot;layout&quot;:&quot;grid&quot;,&quot;numColumns&quot;:{&quot;desktop&quot;:3},&quot;highlightFreq&quot;:{&quot;desktop&quot;:7},&quot;sliderPostsPerPage&quot;:{&quot;desktop&quot;:5},&quot;sliderNumScrollPosts&quot;:{&quot;desktop&quot;:1},&quot;mediaType&quot;:&quot;all&quot;,&quot;postOrder&quot;:&quot;date_desc&quot;,&quot;numPosts&quot;:{&quot;desktop&quot;:3},&quot;linkBehavior&quot;:{&quot;desktop&quot;:&quot;lightbox&quot;,&quot;phone&quot;:&quot;new_tab&quot;},&quot;feedWidth&quot;:{&quot;desktop&quot;:&quot;&quot;},&quot;feedHeight&quot;:{&quot;desktop&quot;:&quot;&quot;},&quot;feedPadding&quot;:{&quot;desktop&quot;:28,&quot;tablet&quot;:14,&quot;phone&quot;:16},&quot;imgPadding&quot;:{&quot;desktop&quot;:15,&quot;tablet&quot;:10,&quot;phone&quot;:6},&quot;textSize&quot;:{&quot;desktop&quot;:11,&quot;tablet&quot;:&quot;&quot;,&quot;phone&quot;:9},&quot;bgColor&quot;:{&quot;r&quot;:255,&quot;g&quot;:255,&quot;b&quot;:255,&quot;a&quot;:0},&quot;textColorHover&quot;:{&quot;r&quot;:255,&quot;g&quot;:255,&quot;b&quot;:255,&quot;a&quot;:1},&quot;bgColorHover&quot;:{&quot;r&quot;:0,&quot;g&quot;:0,&quot;b&quot;:0,&quot;a&quot;:0.5},&quot;hoverInfo&quot;:[&quot;insta_link&quot;,&quot;likes_comments&quot;],&quot;showHeader&quot;:{&quot;desktop&quot;:true,&quot;tablet&quot;:true,&quot;phone&quot;:true},&quot;headerInfo&quot;:{&quot;desktop&quot;:[&quot;profile_pic&quot;,&quot;bio&quot;],&quot;phone&quot;:[&quot;profile_pic&quot;,&quot;bio&quot;]},&quot;headerAccount&quot;:1327,&quot;headerStyle&quot;:{&quot;desktop&quot;:&quot;normal&quot;,&quot;phone&quot;:&quot;centered&quot;},&quot;headerTextSize&quot;:{&quot;desktop&quot;:12,&quot;tablet&quot;:11,&quot;phone&quot;:10},&quot;headerPhotoSize&quot;:{&quot;desktop&quot;:50},&quot;headerTextColor&quot;:{&quot;r&quot;:82,&quot;g&quot;:82,&quot;b&quot;:82,&quot;a&quot;:1},&quot;headerBgColor&quot;:{&quot;r&quot;:255,&quot;g&quot;:255,&quot;b&quot;:255,&quot;a&quot;:0},&quot;headerPadding&quot;:{&quot;desktop&quot;:2},&quot;customBioText&quot;:&quot;4 724 seuraajaa\\n\\nMiika Ha\\u0308ma\\u0308la\\u0308inen\\nFinland, Lapland, Photographer&quot;,&quot;customProfilePic&quot;:&quot;https:\\\/\\\/uusi.miikahamalainen.com\\\/wp-content\\\/uploads\\\/2021\\\/01\\\/mina\\u0308-001-scaled.jpg&quot;,&quot;includeStories&quot;:false,&quot;storiesInterval&quot;:5,&quot;showCaptions&quot;:{&quot;desktop&quot;:false},&quot;captionMaxLength&quot;:{&quot;desktop&quot;:0},&quot;captionRemoveDots&quot;:false,&quot;captionSize&quot;:{&quot;desktop&quot;:0},&quot;captionColor&quot;:{&quot;r&quot;:0,&quot;g&quot;:0,&quot;b&quot;:0,&quot;a&quot;:1},&quot;showLikes&quot;:{&quot;desktop&quot;:false},&quot;showComments&quot;:{&quot;desktop&quot;:false},&quot;lcIconSize&quot;:{&quot;desktop&quot;:14},&quot;likesIconColor&quot;:{&quot;r&quot;:0,&quot;g&quot;:0,&quot;b&quot;:0,&quot;a&quot;:1},&quot;commentsIconColor&quot;:{&quot;r&quot;:0,&quot;g&quot;:0,&quot;b&quot;:0,&quot;a&quot;:1},&quot;lightboxShowSidebar&quot;:false,&quot;numLightboxComments&quot;:50,&quot;showLoadMoreBtn&quot;:{&quot;desktop&quot;:false,&quot;phone&quot;:false},&quot;loadMoreBtnText&quot;:&quot;Load more&quot;,&quot;loadMoreBtnTextColor&quot;:{&quot;r&quot;:255,&quot;g&quot;:255,&quot;b&quot;:255,&quot;a&quot;:1},&quot;loadMoreBtnBgColor&quot;:{&quot;r&quot;:0,&quot;g&quot;:149,&quot;b&quot;:246,&quot;a&quot;:1},&quot;autoload&quot;:false,&quot;showFollowBtn&quot;:{&quot;desktop&quot;:true},&quot;followBtnText&quot;:&quot;Katso Instagramissa&quot;,&quot;followBtnTextColor&quot;:{&quot;r&quot;:30,&quot;g&quot;:30,&quot;b&quot;:30,&quot;a&quot;:1},&quot;followBtnBgColor&quot;:{&quot;r&quot;:255,&quot;g&quot;:255,&quot;b&quot;:255,&quot;a&quot;:1},&quot;followBtnLocation&quot;:{&quot;desktop&quot;:&quot;bottom&quot;,&quot;phone&quot;:&quot;bottom&quot;},&quot;hashtagWhitelist&quot;:[],&quot;hashtagBlacklist&quot;:[],&quot;captionWhitelist&quot;:[],&quot;captionBlacklist&quot;:[],&quot;hashtagWhitelistSettings&quot;:true,&quot;hashtagBlacklistSettings&quot;:true,&quot;captionWhitelistSettings&quot;:true,&quot;captionBlacklistSettings&quot;:true,&quot;moderation&quot;:[],&quot;moderationMode&quot;:&quot;blacklist&quot;,&quot;promotionEnabled&quot;:true,&quot;autoPromotionsEnabled&quot;:true,&quot;globalPromotionsEnabled&quot;:true,&quot;promotions&quot;:[]}\" \/>\n        <meta name=\"sli__a__feed69e20d745ea44\" content=\"[{&quot;id&quot;:1327,&quot;type&quot;:&quot;PERSONAL&quot;,&quot;userId&quot;:&quot;17841400236913239&quot;,&quot;username&quot;:&quot;viljamiharjuniemi&quot;,&quot;bio&quot;:&quot;&quot;,&quot;customBio&quot;:&quot;Tietoja t\\u00e4h\\u00e4n&quot;,&quot;profilePicUrl&quot;:&quot;&quot;,&quot;customProfilePicUrl&quot;:&quot;https:\\\/\\\/uusi.miikahamalainen.com\\\/wp-content\\\/uploads\\\/2021\\\/01\\\/muut3-scaled.jpg&quot;,&quot;mediaCount&quot;:&quot;459&quot;,&quot;followersCount&quot;:&quot;0&quot;,&quot;usages&quot;:[]}]\" \/>\n        [\/et_pb_code][\/et_pb_column][\/et_pb_row][\/et_pb_section][et_pb_section fb_built=&#8221;1&#8243; admin_label=&#8221;Albums&#8221; _builder_version=&#8221;4.8.1&#8243; background_color=&#8221;rgba(53,45,42,0.89)&#8221; custom_padding=&#8221;178px|||||&#8221; hover_enabled=&#8221;0&#8243; custom_padding_last_edited=&#8221;on|phone&#8221; sticky_enabled=&#8221;0&#8243; custom_padding_phone=&#8221;150px||||false|false&#8221;][et_pb_row _builder_version=&#8221;4.4.4&#8243; locked=&#8221;off&#8221;][et_pb_column type=&#8221;4_4&#8243; _builder_version=&#8221;4.4.4&#8243;][et_pb_text _builder_version=&#8221;4.8.1&#8243; text_font=&#8221;Petit Formal Script||||||||&#8221; text_text_color=&#8221;rgba(127,115,96,0.16)&#8221; text_font_size=&#8221;140px&#8221; text_line_height=&#8221;1em&#8221; text_orientation=&#8221;center&#8221; width_tablet=&#8221;&#8221; width_phone=&#8221;&#8221; width_last_edited=&#8221;on|phone&#8221; module_alignment=&#8221;center&#8221; custom_margin=&#8221;-0.7em||-0.9em||false|false&#8221; custom_margin_tablet=&#8221;||-40px||false|false&#8221; custom_margin_phone=&#8221;||-62px||false|false&#8221; custom_margin_last_edited=&#8221;on|phone&#8221; scroll_horizontal_motion_enable=&#8221;on&#8221; scroll_horizontal_motion=&#8221;0|50|50|100|0.5|0|-0.5&#8243; scroll_fade_enable=&#8221;on&#8221; scroll_blur_enable=&#8221;on&#8221; text_font_size_tablet=&#8221;100px&#8221; text_font_size_phone=&#8221;50px&#8221; text_font_size_last_edited=&#8221;on|phone&#8221; locked=&#8221;off&#8221;]<\/p>\n<p>Valokuvia<\/p>\n<p>[\/et_pb_text][et_pb_text _builder_version=&#8221;4.8.1&#8243; header_2_text_color=&#8221;#ffffff&#8221; header_2_font_size=&#8221;60px&#8221; header_2_letter_spacing=&#8221;3px&#8221; header_2_line_height=&#8221;1.3em&#8221; text_orientation=&#8221;center&#8221; custom_margin=&#8221;||-1px||false|false&#8221; custom_padding=&#8221;||16px||false|false&#8221; header_2_font_size_tablet=&#8221;40px&#8221; header_2_font_size_phone=&#8221;26px&#8221; header_2_font_size_last_edited=&#8221;on|phone&#8221; locked=&#8221;off&#8221;]<\/p>\n<h2>Katso lis\u00e4\u00e4<\/h2>\n<p>[\/et_pb_text][\/et_pb_column][\/et_pb_row][et_pb_row column_structure=&#8221;1_3,1_3,1_3&#8243; _builder_version=&#8221;4.4.4&#8243;][et_pb_column type=&#8221;1_3&#8243; _builder_version=&#8221;4.4.4&#8243;][et_pb_blurb title=&#8221;H\u00e4\u00e4kuvat&#8221; image=&#8221;https:\/\/uusi.miikahamalainen.com\/wp-content\/uploads\/2021\/01\/ha\u0308a\u0308t29-scaled.jpg&#8221; title_tablet=&#8221;H\u00e4\u00e4kuvat&#8221; title_phone=&#8221;H\u00e4\u00e4kuvat&#8221; title_last_edited=&#8221;on|desktop&#8221; _builder_version=&#8221;4.8.1&#8243; _dynamic_attributes=&#8221;link_option_url&#8221; header_font=&#8221;||||||||&#8221; header_text_color=&#8221;#FFFFFF&#8221; header_font_size=&#8221;20px&#8221; header_letter_spacing=&#8221;2px&#8221; header_line_height=&#8221;1.4em&#8221; body_font=&#8221;Antic Didone|||on|||||&#8221; body_text_color=&#8221;#000000&#8243; body_font_size=&#8221;30px&#8221; body_letter_spacing=&#8221;2px&#8221; custom_margin=&#8221;||60px||false|false&#8221; custom_margin_tablet=&#8221;||40px||false|false&#8221; custom_margin_phone=&#8221;||20px||false|false&#8221; custom_margin_last_edited=&#8221;on|phone&#8221; link_option_url=&#8221;@ET-DC@eyJkeW5hbWljIjp0cnVlLCJjb250ZW50IjoicG9zdF9saW5rX3VybF9wYWdlIiwic2V0dGluZ3MiOnsicG9zdF9pZCI6IjExMTcifX0=@&#8221; header_font_size_tablet=&#8221;18px&#8221; header_font_size_phone=&#8221;16px&#8221; header_font_size_last_edited=&#8221;on|phone&#8221; body_font_size_tablet=&#8221;26px&#8221; body_font_size_phone=&#8221;18px&#8221; body_font_size_last_edited=&#8221;on|desktop&#8221; locked=&#8221;off&#8221;][\/et_pb_blurb][\/et_pb_column][et_pb_column type=&#8221;1_3&#8243; _builder_version=&#8221;4.4.4&#8243;][et_pb_blurb title=&#8221;Studiokuvat&#8221; image=&#8221;https:\/\/uusi.miikahamalainen.com\/wp-content\/uploads\/2021\/01\/studio16-scaled.jpg&#8221; _builder_version=&#8221;4.8.1&#8243; _dynamic_attributes=&#8221;link_option_url&#8221; header_font=&#8221;||||||||&#8221; header_text_align=&#8221;left&#8221; header_text_color=&#8221;#FFFFFF&#8221; header_font_size=&#8221;20px&#8221; header_letter_spacing=&#8221;2px&#8221; header_line_height=&#8221;1.4em&#8221; body_font=&#8221;Antic Didone|||on|||||&#8221; body_text_color=&#8221;#000000&#8243; body_font_size=&#8221;30px&#8221; body_letter_spacing=&#8221;2px&#8221; custom_margin=&#8221;||60px||false|false&#8221; custom_margin_tablet=&#8221;||40px||false|false&#8221; custom_margin_phone=&#8221;||20px||false|false&#8221; custom_margin_last_edited=&#8221;on|phone&#8221; link_option_url=&#8221;@ET-DC@eyJkeW5hbWljIjp0cnVlLCJjb250ZW50IjoicG9zdF9saW5rX3VybF9wYWdlIiwic2V0dGluZ3MiOnsicG9zdF9pZCI6IjExMjUifX0=@&#8221; header_font_size_tablet=&#8221;18px&#8221; header_font_size_phone=&#8221;16px&#8221; header_font_size_last_edited=&#8221;on|phone&#8221; body_font_size_tablet=&#8221;26px&#8221; body_font_size_phone=&#8221;18px&#8221; body_font_size_last_edited=&#8221;on|desktop&#8221; locked=&#8221;off&#8221;][\/et_pb_blurb][\/et_pb_column][et_pb_column type=&#8221;1_3&#8243; _builder_version=&#8221;4.4.4&#8243;][et_pb_blurb title=&#8221;Raskauskuvat&#8221; image=&#8221;https:\/\/uusi.miikahamalainen.com\/wp-content\/uploads\/2021\/01\/raskauskuvat11-scaled.jpg&#8221; _builder_version=&#8221;4.8.1&#8243; _dynamic_attributes=&#8221;link_option_url&#8221; header_text_color=&#8221;#FFFFFF&#8221; header_font_size=&#8221;20px&#8221; header_letter_spacing=&#8221;2px&#8221; header_line_height=&#8221;1.4em&#8221; body_font=&#8221;Antic Didone|||on|||||&#8221; body_text_color=&#8221;#000000&#8243; body_font_size=&#8221;30px&#8221; body_letter_spacing=&#8221;2px&#8221; custom_margin=&#8221;||60px||false|false&#8221; custom_margin_tablet=&#8221;||40px||false|false&#8221; custom_margin_phone=&#8221;||20px||false|false&#8221; custom_margin_last_edited=&#8221;on|phone&#8221; link_option_url=&#8221;@ET-DC@eyJkeW5hbWljIjp0cnVlLCJjb250ZW50IjoicG9zdF9saW5rX3VybF9wYWdlIiwic2V0dGluZ3MiOnsicG9zdF9pZCI6IjExMTAifX0=@&#8221; header_font_size_tablet=&#8221;18px&#8221; header_font_size_phone=&#8221;16px&#8221; header_font_size_last_edited=&#8221;on|phone&#8221; body_font_size_tablet=&#8221;26px&#8221; body_font_size_phone=&#8221;18px&#8221; body_font_size_last_edited=&#8221;on|desktop&#8221; locked=&#8221;off&#8221;][\/et_pb_blurb][\/et_pb_column][\/et_pb_row][\/et_pb_section]<\/p>\n","protected":false},"excerpt":{"rendered":"<p>[et_pb_section fb_built=&#8221;1&#8243; fullwidth=&#8221;on&#8221; _builder_version=&#8221;4.8.1&#8243; _module_preset=&#8221;default&#8221; max_height=&#8221;1000px&#8221; custom_margin=&#8221;||||false|false&#8221; custom_padding=&#8221;||||false|false&#8221;][et_pb_fullwidth_slider use_bg_overlay=&#8221;off&#8221; use_text_overlay=&#8221;off&#8221; _builder_version=&#8221;4.8.1&#8243; _module_preset=&#8221;default&#8221; content_max_width_tablet=&#8221;&#8221; content_max_width_phone=&#8221;&#8221; content_max_width_last_edited=&#8221;on|phone&#8221; min_height=&#8221;680px&#8221; max_height=&#8221;747px&#8221; custom_margin=&#8221;||||false|false&#8221; custom_padding=&#8221;100px||100px||false|false&#8221; auto=&#8221;on&#8221; auto_speed=&#8221;4000&#8243; auto_ignore_hover=&#8221;on&#8221;][et_pb_slide _builder_version=&#8221;4.8.1&#8243; _module_preset=&#8221;default&#8221; background_color=&#8221;RGBA(0,0,0,0)&#8221; background_enable_color=&#8221;on&#8221; background_image=&#8221;https:\/\/uusi.miikahamalainen.com\/wp-content\/uploads\/2021\/01\/henkilo\u030819-scaled.jpg&#8221; background_enable_image=&#8221;on&#8221; sticky_transition=&#8221;on&#8221;][\/et_pb_slide][et_pb_slide _builder_version=&#8221;4.8.1&#8243; _module_preset=&#8221;default&#8221; background_color=&#8221;RGBA(0,0,0,0)&#8221; background_enable_color=&#8221;on&#8221; background_image=&#8221;https:\/\/uusi.miikahamalainen.com\/wp-content\/uploads\/2021\/01\/KANSIKUVAT1-scaled.jpg&#8221; background_enable_image=&#8221;on&#8221; sticky_transition=&#8221;on&#8221;][\/et_pb_slide][et_pb_slide use_bg_overlay=&#8221;on&#8221; _builder_version=&#8221;4.8.1&#8243; _module_preset=&#8221;default&#8221; background_color=&#8221;RGBA(0,0,0,0)&#8221; background_enable_color=&#8221;on&#8221; background_image=&#8221;https:\/\/uusi.miikahamalainen.com\/wp-content\/uploads\/2021\/01\/KANSIKUVAT2-scaled.jpg&#8221; background_enable_image=&#8221;on&#8221; width=&#8221;100%&#8221; max_width=&#8221;100%&#8221; custom_padding=&#8221;200px||200px||false|false&#8221; button_text__hover_enabled=&#8221;on|desktop&#8221; sticky_transition=&#8221;on&#8221;][\/et_pb_slide][\/et_pb_fullwidth_slider][\/et_pb_section][et_pb_section fb_built=&#8221;1&#8243; _builder_version=&#8221;4.8.1&#8243; _module_preset=&#8221;default&#8221; background_color=&#8221;#f2f2f2&#8243;][et_pb_row _builder_version=&#8221;4.8.1&#8243; _module_preset=&#8221;default&#8221;][et_pb_column type=&#8221;4_4&#8243; [&hellip;]<\/p>\n","protected":false},"author":1,"featured_media":0,"parent":0,"menu_order":0,"comment_status":"closed","ping_status":"closed","template":"","meta":{"_et_pb_use_builder":"on","_et_pb_old_content":"","_et_gb_content_width":""},"yoast_head":"<!-- This site is optimized with the Yoast SEO plugin v15.6.2 - https:\/\/yoast.com\/wordpress\/plugins\/seo\/ -->\n<title>Valokuvaaja Miika H&auml;m&auml;l&auml;inen | Rovaniemi | Lapland<\/title>\n<meta name=\"description\" content=\"Olen Miika H\u00e4m\u00e4l\u00e4inen, rovaniemel\u00e4inen ammattivalokuvaaja. Sivuitani l\u00f6yd\u00e4t esimerkkej\u00e4 erilaisista toteuttamistani kuvauksista.\" \/>\n<meta name=\"robots\" content=\"index, follow, max-snippet:-1, max-image-preview:large, max-video-preview:-1\" \/>\n<link rel=\"canonical\" href=\"https:\/\/uusi.miikahamalainen.com\/\" \/>\n<meta property=\"og:locale\" content=\"fi_FI\" \/>\n<meta property=\"og:type\" content=\"article\" \/>\n<meta property=\"og:title\" content=\"Valokuvaaja Miika H&auml;m&auml;l&auml;inen | Rovaniemi | Lapland\" \/>\n<meta property=\"og:description\" content=\"Olen Miika H\u00e4m\u00e4l\u00e4inen, rovaniemel\u00e4inen ammattivalokuvaaja. Sivuitani l\u00f6yd\u00e4t esimerkkej\u00e4 erilaisista toteuttamistani kuvauksista.\" \/>\n<meta property=\"og:url\" content=\"https:\/\/uusi.miikahamalainen.com\/\" \/>\n<meta property=\"og:site_name\" content=\"Miika H&auml;m&auml;l&auml;inen\" \/>\n<meta property=\"article:modified_time\" content=\"2021-01-22T08:59:58+00:00\" \/>\n<meta property=\"og:image\" content=\"https:\/\/uusi.miikahamalainen.com\/wp-content\/uploads\/2021\/01\/Miikahamalainen.jpg\" \/>\n\t<meta property=\"og:image:width\" content=\"300\" \/>\n\t<meta property=\"og:image:height\" content=\"300\" \/>\n<meta name=\"twitter:card\" content=\"summary_large_image\" \/>\n<meta name=\"twitter:label1\" content=\"Est. reading time\">\n\t<meta name=\"twitter:data1\" content=\"2 minuuttia\">\n<script type=\"application\/ld+json\" class=\"yoast-schema-graph\">{\"@context\":\"https:\/\/schema.org\",\"@graph\":[{\"@type\":\"Organization\",\"@id\":\"https:\/\/uusi.miikahamalainen.com\/#organization\",\"name\":\"Valokuvaaja Miika H\\u00e4m\\u00e4l\\u00e4inen\",\"url\":\"https:\/\/uusi.miikahamalainen.com\/\",\"sameAs\":[],\"logo\":{\"@type\":\"ImageObject\",\"@id\":\"https:\/\/uusi.miikahamalainen.com\/#logo\",\"inLanguage\":\"fi\",\"url\":\"https:\/\/uusi.miikahamalainen.com\/wp-content\/uploads\/2021\/01\/mhp-white.png\",\"width\":600,\"height\":75,\"caption\":\"Valokuvaaja Miika H\\u00e4m\\u00e4l\\u00e4inen\"},\"image\":{\"@id\":\"https:\/\/uusi.miikahamalainen.com\/#logo\"}},{\"@type\":\"WebSite\",\"@id\":\"https:\/\/uusi.miikahamalainen.com\/#website\",\"url\":\"https:\/\/uusi.miikahamalainen.com\/\",\"name\":\"Miika H&auml;m&auml;l&auml;inen\",\"description\":\"Valokuvaus Rovaniemi\",\"publisher\":{\"@id\":\"https:\/\/uusi.miikahamalainen.com\/#organization\"},\"potentialAction\":[{\"@type\":\"SearchAction\",\"target\":\"https:\/\/uusi.miikahamalainen.com\/?s={search_term_string}\",\"query-input\":\"required name=search_term_string\"}],\"inLanguage\":\"fi\"},{\"@type\":\"WebPage\",\"@id\":\"https:\/\/uusi.miikahamalainen.com\/#webpage\",\"url\":\"https:\/\/uusi.miikahamalainen.com\/\",\"name\":\"Valokuvaaja Miika H&auml;m&auml;l&auml;inen | Rovaniemi | Lapland\",\"isPartOf\":{\"@id\":\"https:\/\/uusi.miikahamalainen.com\/#website\"},\"datePublished\":\"2021-01-18T14:12:09+00:00\",\"dateModified\":\"2021-01-22T08:59:58+00:00\",\"description\":\"Olen Miika H\\u00e4m\\u00e4l\\u00e4inen, rovaniemel\\u00e4inen ammattivalokuvaaja. Sivuitani l\\u00f6yd\\u00e4t esimerkkej\\u00e4 erilaisista toteuttamistani kuvauksista.\",\"inLanguage\":\"fi\",\"potentialAction\":[{\"@type\":\"ReadAction\",\"target\":[\"https:\/\/uusi.miikahamalainen.com\/\"]}]}]}<\/script>\n<!-- \/ Yoast SEO plugin. -->","_links":{"self":[{"href":"https:\/\/uusi.miikahamalainen.com\/index.php\/wp-json\/wp\/v2\/pages\/821"}],"collection":[{"href":"https:\/\/uusi.miikahamalainen.com\/index.php\/wp-json\/wp\/v2\/pages"}],"about":[{"href":"https:\/\/uusi.miikahamalainen.com\/index.php\/wp-json\/wp\/v2\/types\/page"}],"author":[{"embeddable":true,"href":"https:\/\/uusi.miikahamalainen.com\/index.php\/wp-json\/wp\/v2\/users\/1"}],"replies":[{"embeddable":true,"href":"https:\/\/uusi.miikahamalainen.com\/index.php\/wp-json\/wp\/v2\/comments?post=821"}],"version-history":[{"count":61,"href":"https:\/\/uusi.miikahamalainen.com\/index.php\/wp-json\/wp\/v2\/pages\/821\/revisions"}],"predecessor-version":[{"id":1787,"href":"https:\/\/uusi.miikahamalainen.com\/index.php\/wp-json\/wp\/v2\/pages\/821\/revisions\/1787"}],"wp:attachment":[{"href":"https:\/\/uusi.miikahamalainen.com\/index.php\/wp-json\/wp\/v2\/media?parent=821"}],"curies":[{"name":"wp","href":"https:\/\/api.w.org\/{rel}","templated":true}]}}