{"id":1721,"date":"2021-01-21T12:16:51","date_gmt":"2021-01-21T12:16:51","guid":{"rendered":"https:\/\/uusi.miikahamalainen.com\/?page_id=1721"},"modified":"2021-01-22T08:58:08","modified_gmt":"2021-01-22T08:58:08","slug":"kokemuksia","status":"publish","type":"page","link":"https:\/\/uusi.miikahamalainen.com\/index.php\/kokemuksia\/","title":{"rendered":"Kokemuksia"},"content":{"rendered":"<p>[et_pb_section fb_built=&#8221;1&#8243; _builder_version=&#8221;4.8.1&#8243; _module_preset=&#8221;default&#8221; background_color=&#8221;rgba(10,10,10,0.11)&#8221; background_image=&#8221;https:\/\/uusi.miikahamalainen.com\/wp-content\/uploads\/2021\/01\/henkilo\u030824-scaled.jpg&#8221; background_blend=&#8221;overlay&#8221; min_height=&#8221;460px&#8221; max_height=&#8221;743px&#8221;][et_pb_row _builder_version=&#8221;4.8.1&#8243; _module_preset=&#8221;default&#8221;][et_pb_column type=&#8221;4_4&#8243; _builder_version=&#8221;4.8.1&#8243; _module_preset=&#8221;default&#8221;][\/et_pb_column][\/et_pb_row][\/et_pb_section][et_pb_section fb_built=&#8221;1&#8243; _builder_version=&#8221;4.8.1&#8243; _module_preset=&#8221;default&#8221; background_color=&#8221;#f2f2f2&#8243;][et_pb_row _builder_version=&#8221;4.8.1&#8243; _module_preset=&#8221;default&#8221;][et_pb_column type=&#8221;4_4&#8243; _builder_version=&#8221;4.8.1&#8243; _module_preset=&#8221;default&#8221;][et_pb_text _builder_version=&#8221;4.8.1&#8243; text_font=&#8221;Petit Formal Script||||||||&#8221; text_text_color=&#8221;#4c4c4c&#8221; text_font_size=&#8221;130px&#8221; text_line_height=&#8221;1em&#8221; text_orientation=&#8221;center&#8221; width_tablet=&#8221;&#8221; width_phone=&#8221;100%&#8221; width_last_edited=&#8221;on|desktop&#8221; module_alignment=&#8221;center&#8221; custom_margin=&#8221;0em||0.1em||false|false&#8221; custom_margin_tablet=&#8221;0em||0.1em||false|false&#8221; custom_margin_phone=&#8221;||-0.2em||false|false&#8221; custom_margin_last_edited=&#8221;on|phone&#8221; scroll_horizontal_motion_enable=&#8221;on&#8221; scroll_horizontal_motion=&#8221;0|50|50|99|0.5|0|-0.5&#8243; scroll_fade_enable=&#8221;on&#8221; scroll_blur_enable=&#8221;on&#8221; hover_enabled=&#8221;0&#8243; text_text_color_tablet=&#8221;#565656&#8243; text_text_color_phone=&#8221;#4c4c4c&#8221; text_text_color_last_edited=&#8221;on|desktop&#8221; text_font_size_tablet=&#8221;90px&#8221; text_font_size_phone=&#8221;40px&#8221; text_font_size_last_edited=&#8221;on|phone&#8221; header_font_size_tablet=&#8221;&#8221; header_font_size_phone=&#8221;55px&#8221; header_font_size_last_edited=&#8221;on|phone&#8221; locked=&#8221;off&#8221; sticky_enabled=&#8221;0&#8243;]<\/p>\n<p style=\"text-align: center;\"><span style=\"color: #333333;\">Kokemuksia<\/span><\/p>\n<p>[\/et_pb_text][\/et_pb_column][\/et_pb_row][et_pb_row column_structure=&#8221;1_2,1_2&#8243; _builder_version=&#8221;4.8.1&#8243; _module_preset=&#8221;default&#8221;][et_pb_column type=&#8221;1_2&#8243; _builder_version=&#8221;4.8.1&#8243; _module_preset=&#8221;default&#8221;][et_pb_text _builder_version=&#8221;4.8.1&#8243; _module_preset=&#8221;default&#8221; custom_margin_tablet=&#8221;&#8221; custom_margin_phone=&#8221;&#8221; custom_margin_last_edited=&#8221;on|tablet&#8221; custom_padding=&#8221;||50px||false|false&#8221; custom_margin__hover_enabled=&#8221;off|desktop&#8221;]<\/p>\n<div style=\"text-align: left;\">\n<p><em>&#8221;Miika otti minusta promokuvat markkinointi- ja nettisivuk\u00e4ytt\u00f6\u00f6ni. Kuvat ovat olleet laajasti esill\u00e4 eri lehdiss\u00e4 ja olen niihin eritt\u00e4in tyytyv\u00e4inen. Miikan erityislaatuisuus on siin\u00e4, ett\u00e4 h\u00e4n saa kuvattavan tuntemaan kauniilta niin ulkoisesti kuin sis\u00e4isestikin. Miika on eritt\u00e4in monipuolinen kuvaaja joka osaa ottaa kuvan hetkest\u00e4 kuin hetkest\u00e4. Suosittelen vahvasti!&#8221;<\/em><\/p>\n<p>&nbsp;<\/p>\n<\/div>\n<div style=\"text-align: center;\">&#8211; Inari Fern\u00e1ndez<\/div>\n<p>[\/et_pb_text][\/et_pb_column][et_pb_column type=&#8221;1_2&#8243; _builder_version=&#8221;4.8.1&#8243; _module_preset=&#8221;default&#8221;][et_pb_text _builder_version=&#8221;4.8.1&#8243; _module_preset=&#8221;default&#8221; text_font=&#8221;Montserrat||||||||&#8221;]<\/p>\n<div style=\"text-align: left;\">\n<p><em>&#8221;Tarjouspyynn\u00f6st\u00e4 saakka yhteydenpito oli eritt\u00e4in vaivatonta. Oli helppoa nauttia h\u00e4\u00e4p\u00e4iv\u00e4st\u00e4 kun tiesi, ett\u00e4 kuvista tulee priimaa. Tunnelman vangitsija, todellinen taituri ja mik\u00e4 t\u00e4rkeint\u00e4 ihan huippu tyyppi.&#8221;<\/em><\/p>\n<p><em><\/em>\u00a0<\/p>\n<div style=\"text-align: center;\">&#8211; Krista Kuulasmaa<\/div>\n<\/div>\n<p>[\/et_pb_text][\/et_pb_column][\/et_pb_row][et_pb_row column_structure=&#8221;1_2,1_2&#8243; _builder_version=&#8221;4.8.1&#8243; _module_preset=&#8221;default&#8221;][et_pb_column type=&#8221;1_2&#8243; _builder_version=&#8221;4.8.1&#8243; _module_preset=&#8221;default&#8221;][et_pb_text _builder_version=&#8221;4.8.1&#8243; _module_preset=&#8221;default&#8221; custom_margin_tablet=&#8221;&#8221; custom_margin_phone=&#8221;&#8221; custom_margin_last_edited=&#8221;on|phone&#8221; custom_padding=&#8221;||50px||false|false&#8221;]<\/p>\n<div style=\"text-align: left;\">\n<p><em>&#8221;Miikan kuvattavana olemme saaneet kerta toisensa j\u00e4lkeen perheest\u00e4mme ihania muistoja tavalla, joita ei osattu edes odottaa. Pelisilm\u00e4\u00e4 l\u00f6ytyy perheen pienimpienkin onnistuneeseen kuvaukseen.&#8221;<\/em><\/p>\n<p style=\"text-align: center;\">\n<p style=\"text-align: center;\">&#8211; Sannamari Kyyhkynen<\/p>\n<\/div>\n<p>[\/et_pb_text][\/et_pb_column][et_pb_column type=&#8221;1_2&#8243; _builder_version=&#8221;4.8.1&#8243; _module_preset=&#8221;default&#8221;][et_pb_text _builder_version=&#8221;4.8.1&#8243; _module_preset=&#8221;default&#8221; text_font=&#8221;Montserrat||||||||&#8221;]<\/p>\n<div style=\"text-align: left;\">\n<div><em>&#8221;Valokuvattavana oleminen j\u00e4nnitt\u00e4\u00e4 aina, mutta samantien kun astuin Miikan studiolle, niin se haihtui pois. H\u00e4n on eritt\u00e4in taitava, t\u00e4sm\u00e4llinen, luova ja hyv\u00e4 ihmisten kanssa. Vahva suositus ja innolla odottelen jo seuraavaa kertaa. Iso kiitos!&#8221;<\/em><\/div>\n<div style=\"text-align: center;\">\u00a0<\/div>\n<div style=\"text-align: center;\">&#8211; Mikko Hokkanen<\/div>\n<\/div>\n<p>[\/et_pb_text][\/et_pb_column][\/et_pb_row][et_pb_row column_structure=&#8221;1_2,1_2&#8243; _builder_version=&#8221;4.8.1&#8243; _module_preset=&#8221;default&#8221;][et_pb_column type=&#8221;1_2&#8243; _builder_version=&#8221;4.8.1&#8243; _module_preset=&#8221;default&#8221;][et_pb_text _builder_version=&#8221;4.8.1&#8243; _module_preset=&#8221;default&#8221; custom_margin=&#8221;||||false|false&#8221; custom_margin_tablet=&#8221;&#8221; custom_margin_phone=&#8221;&#8221; custom_margin_last_edited=&#8221;on|phone&#8221; custom_padding=&#8221;||50px||false|false&#8221;]<\/p>\n<div style=\"text-align: left;\">\n<div style=\"text-align: left;\"><em>&#8221;Tuhannet kiitokset uskomattoman lumoavasta h\u00e4\u00e4kuvistamme! Loit meille kuvaukseen tunnelman, jossa oli helppoa ja ihanaa antaa rakkautemme n\u00e4ky\u00e4. Kiitos! &lt;3&#8221;<br \/> <\/em><\/div>\n<div style=\"text-align: left;\"><em>\u00a0<\/em><\/div>\n<div style=\"text-align: center;\">&#8211; Varpu Rusila<\/div>\n<\/div>\n<p>[\/et_pb_text][\/et_pb_column][et_pb_column type=&#8221;1_2&#8243; _builder_version=&#8221;4.8.1&#8243; _module_preset=&#8221;default&#8221;][et_pb_text _builder_version=&#8221;4.8.1&#8243; _module_preset=&#8221;default&#8221; text_font=&#8221;Montserrat||||||||&#8221;]<\/p>\n<div style=\"text-align: left;\">\n<div style=\"text-align: center;\">\n<div style=\"text-align: left;\"><em>&#8221;Miikan kans oli joustava sopia kuvausajat ja &#8211; paikat. Miikan seurassa syntyi leppoisa tunnelma, jossa oli helppo rentoutua kuvaushetkeen.&#8221;<\/em><\/div>\n<div>\u00a0<\/div>\n<div style=\"text-align: center;\">&#8211; Aimo Arvola<\/div>\n<\/div>\n<\/div>\n<p>[\/et_pb_text][\/et_pb_column][\/et_pb_row][et_pb_row column_structure=&#8221;1_2,1_2&#8243; _builder_version=&#8221;4.8.1&#8243; _module_preset=&#8221;default&#8221;][et_pb_column type=&#8221;1_2&#8243; _builder_version=&#8221;4.8.1&#8243; _module_preset=&#8221;default&#8221;][et_pb_text _builder_version=&#8221;4.8.1&#8243; _module_preset=&#8221;default&#8221; custom_margin=&#8221;||||false|false&#8221; custom_margin_tablet=&#8221;&#8221; custom_margin_phone=&#8221;&#8221; custom_margin_last_edited=&#8221;on|desktop&#8221; custom_padding=&#8221;||||false|false&#8221;]<\/p>\n<div style=\"text-align: left;\">\n<div style=\"text-align: left;\"><em><span>&#8221;K\u00e4yt\u00e4n ammattivalokuvaajaa sek\u00e4 yritykseni markkinointi materiaaleihin, some ty\u00f6skentelyyn ett\u00e4 henkil\u00f6kohtaisiin juttuihin! Kaikissa tapauksissa Miika on onnistunut yli odostusten, joten Miika on ollut luottokuvaajani jo 5 vuoden ajan!&#8221;<\/span><br \/> <\/em><\/div>\n<div style=\"text-align: left;\"><em>\u00a0\u00a0<\/em><\/div>\n<div style=\"text-align: center;\"><span>&#8211; Ansku Tervo<\/span><\/div>\n<\/div>\n<p>[\/et_pb_text][\/et_pb_column][et_pb_column type=&#8221;1_2&#8243; _builder_version=&#8221;4.8.1&#8243; _module_preset=&#8221;default&#8221;][et_pb_text _builder_version=&#8221;4.8.1&#8243; _module_preset=&#8221;default&#8221; custom_margin=&#8221;||||false|false&#8221; custom_margin_tablet=&#8221;&#8221; custom_margin_phone=&#8221;&#8221; custom_margin_last_edited=&#8221;on|desktop&#8221; custom_padding=&#8221;||||false|false&#8221; hover_enabled=&#8221;0&#8243; sticky_enabled=&#8221;0&#8243;]<\/p>\n<div style=\"text-align: left;\">\n<div style=\"text-align: left;\">\n<div><em>&#8221;Miika on todellinen ammattilainen. Harvoin kuvauksissa olo on yht\u00e4 rento ja tekeminen niin helppoa! Ja lopputulos aivan huikea kuten Miikalta tiet\u00e4\u00e4 odottaa, suosittelen!&#8221;\u00a0<\/em><\/div>\n<\/div>\n<div style=\"text-align: left;\"><em>\u00a0\u00a0<\/em><\/div>\n<div style=\"text-align: center;\">&#8211; Antti Eira<\/div>\n<\/div>\n<p>[\/et_pb_text][\/et_pb_column][\/et_pb_row][\/et_pb_section][et_pb_section fb_built=&#8221;1&#8243; admin_label=&#8221;Albums&#8221; _builder_version=&#8221;4.8.1&#8243; background_color=&#8221;rgba(53,45,42,0.89)&#8221; custom_padding=&#8221;178px|||||&#8221;][et_pb_row _builder_version=&#8221;4.4.4&#8243; locked=&#8221;off&#8221;][et_pb_column type=&#8221;4_4&#8243; _builder_version=&#8221;4.4.4&#8243;][et_pb_text _builder_version=&#8221;4.8.1&#8243; text_font=&#8221;Petit Formal Script||||||||&#8221; text_text_color=&#8221;rgba(127,115,96,0.16)&#8221; text_font_size=&#8221;140px&#8221; text_line_height=&#8221;1em&#8221; text_orientation=&#8221;center&#8221; width_tablet=&#8221;&#8221; width_phone=&#8221;&#8221; width_last_edited=&#8221;on|phone&#8221; module_alignment=&#8221;center&#8221; custom_margin=&#8221;-0.7em||-0.9em||false|false&#8221; custom_margin_tablet=&#8221;||-40px||false|false&#8221; custom_margin_phone=&#8221;||-62px||false|false&#8221; custom_margin_last_edited=&#8221;on|phone&#8221; scroll_horizontal_motion_enable=&#8221;on&#8221; scroll_horizontal_motion=&#8221;0|50|50|100|-0.5|0|0.5&#8243; scroll_fade_enable=&#8221;on&#8221; scroll_blur_enable=&#8221;on&#8221; text_font_size_tablet=&#8221;100px&#8221; text_font_size_phone=&#8221;50px&#8221; text_font_size_last_edited=&#8221;on|phone&#8221; locked=&#8221;off&#8221;]<\/p>\n<p>Valokuvia<\/p>\n<p>[\/et_pb_text][et_pb_text _builder_version=&#8221;4.8.1&#8243; header_2_text_color=&#8221;#ffffff&#8221; header_2_font_size=&#8221;60px&#8221; header_2_letter_spacing=&#8221;3px&#8221; header_2_line_height=&#8221;1.3em&#8221; text_orientation=&#8221;center&#8221; custom_margin=&#8221;||-1px||false|false&#8221; custom_padding=&#8221;||16px||false|false&#8221; header_2_font_size_tablet=&#8221;40px&#8221; header_2_font_size_phone=&#8221;26px&#8221; header_2_font_size_last_edited=&#8221;on|phone&#8221; locked=&#8221;off&#8221;]<\/p>\n<h2>Katso lis\u00e4\u00e4<\/h2>\n<p>[\/et_pb_text][\/et_pb_column][\/et_pb_row][et_pb_row column_structure=&#8221;1_3,1_3,1_3&#8243; _builder_version=&#8221;4.4.4&#8243;][et_pb_column type=&#8221;1_3&#8243; _builder_version=&#8221;4.4.4&#8243;][et_pb_blurb title=&#8221;Raskauskuvat&#8221; image=&#8221;https:\/\/uusi.miikahamalainen.com\/wp-content\/uploads\/2021\/01\/raskauskuvat9-scaled.jpg&#8221; title_tablet=&#8221;H\u00e4\u00e4kuvat&#8221; title_phone=&#8221;H\u00e4\u00e4kuvat&#8221; title_last_edited=&#8221;on|desktop&#8221; _builder_version=&#8221;4.8.1&#8243; _dynamic_attributes=&#8221;link_option_url&#8221; header_font=&#8221;||||||||&#8221; header_text_color=&#8221;#FFFFFF&#8221; header_font_size=&#8221;20px&#8221; header_letter_spacing=&#8221;2px&#8221; header_line_height=&#8221;1.4em&#8221; body_font=&#8221;Antic Didone|||on|||||&#8221; body_text_color=&#8221;#000000&#8243; body_font_size=&#8221;30px&#8221; body_letter_spacing=&#8221;2px&#8221; custom_margin=&#8221;||60px||false|false&#8221; custom_margin_tablet=&#8221;||40px||false|false&#8221; custom_margin_phone=&#8221;||20px||false|false&#8221; custom_margin_last_edited=&#8221;on|phone&#8221; link_option_url=&#8221;@ET-DC@eyJkeW5hbWljIjp0cnVlLCJjb250ZW50IjoicG9zdF9saW5rX3VybF9wYWdlIiwic2V0dGluZ3MiOnsicG9zdF9pZCI6IjExMTAifX0=@&#8221; header_font_size_tablet=&#8221;18px&#8221; header_font_size_phone=&#8221;16px&#8221; header_font_size_last_edited=&#8221;on|phone&#8221; body_font_size_tablet=&#8221;26px&#8221; body_font_size_phone=&#8221;18px&#8221; body_font_size_last_edited=&#8221;on|desktop&#8221; locked=&#8221;off&#8221;][\/et_pb_blurb][\/et_pb_column][et_pb_column type=&#8221;1_3&#8243; _builder_version=&#8221;4.4.4&#8243;][et_pb_blurb title=&#8221;Studiokuvat&#8221; image=&#8221;https:\/\/uusi.miikahamalainen.com\/wp-content\/uploads\/2021\/01\/studio33-scaled.jpg&#8221; _builder_version=&#8221;4.8.1&#8243; _dynamic_attributes=&#8221;link_option_url&#8221; header_font=&#8221;||||||||&#8221; header_text_align=&#8221;left&#8221; header_text_color=&#8221;#FFFFFF&#8221; header_font_size=&#8221;20px&#8221; header_letter_spacing=&#8221;2px&#8221; header_line_height=&#8221;1.4em&#8221; body_font=&#8221;Antic Didone|||on|||||&#8221; body_text_color=&#8221;#000000&#8243; body_font_size=&#8221;30px&#8221; body_letter_spacing=&#8221;2px&#8221; custom_margin=&#8221;||60px||false|false&#8221; custom_margin_tablet=&#8221;||40px||false|false&#8221; custom_margin_phone=&#8221;||20px||false|false&#8221; custom_margin_last_edited=&#8221;on|phone&#8221; link_option_url=&#8221;@ET-DC@eyJkeW5hbWljIjp0cnVlLCJjb250ZW50IjoicG9zdF9saW5rX3VybF9wYWdlIiwic2V0dGluZ3MiOnsicG9zdF9pZCI6IjExMjUifX0=@&#8221; header_font_size_tablet=&#8221;18px&#8221; header_font_size_phone=&#8221;16px&#8221; header_font_size_last_edited=&#8221;on|phone&#8221; body_font_size_tablet=&#8221;26px&#8221; body_font_size_phone=&#8221;18px&#8221; body_font_size_last_edited=&#8221;on|desktop&#8221; locked=&#8221;off&#8221;][\/et_pb_blurb][\/et_pb_column][et_pb_column type=&#8221;1_3&#8243; _builder_version=&#8221;4.4.4&#8243;][et_pb_blurb title=&#8221;Henkil\u00f6kuvat&#8221; image=&#8221;https:\/\/uusi.miikahamalainen.com\/wp-content\/uploads\/2021\/01\/henkilo\u030827-scaled.jpg&#8221; _builder_version=&#8221;4.8.1&#8243; _dynamic_attributes=&#8221;link_option_url&#8221; header_text_color=&#8221;#FFFFFF&#8221; header_font_size=&#8221;20px&#8221; header_letter_spacing=&#8221;2px&#8221; header_line_height=&#8221;1.4em&#8221; body_font=&#8221;Antic Didone|||on|||||&#8221; body_text_color=&#8221;#000000&#8243; body_font_size=&#8221;30px&#8221; body_letter_spacing=&#8221;2px&#8221; custom_margin=&#8221;||60px||false|false&#8221; custom_margin_tablet=&#8221;||40px||false|false&#8221; custom_margin_phone=&#8221;||20px||false|false&#8221; custom_margin_last_edited=&#8221;on|phone&#8221; link_option_url=&#8221;@ET-DC@eyJkeW5hbWljIjp0cnVlLCJjb250ZW50IjoicG9zdF9saW5rX3VybF9wYWdlIiwic2V0dGluZ3MiOnsicG9zdF9pZCI6IjExMzIifX0=@&#8221; header_font_size_tablet=&#8221;18px&#8221; header_font_size_phone=&#8221;16px&#8221; header_font_size_last_edited=&#8221;on|phone&#8221; body_font_size_tablet=&#8221;26px&#8221; body_font_size_phone=&#8221;18px&#8221; body_font_size_last_edited=&#8221;on|desktop&#8221; locked=&#8221;off&#8221;][\/et_pb_blurb][\/et_pb_column][\/et_pb_row][\/et_pb_section]<\/p>\n","protected":false},"excerpt":{"rendered":"<p>[et_pb_section fb_built=&#8221;1&#8243; _builder_version=&#8221;4.8.1&#8243; _module_preset=&#8221;default&#8221; background_color=&#8221;rgba(10,10,10,0.11)&#8221; background_image=&#8221;https:\/\/uusi.miikahamalainen.com\/wp-content\/uploads\/2021\/01\/henkilo\u030824-scaled.jpg&#8221; background_blend=&#8221;overlay&#8221; min_height=&#8221;460px&#8221; max_height=&#8221;743px&#8221;][et_pb_row _builder_version=&#8221;4.8.1&#8243; _module_preset=&#8221;default&#8221;][et_pb_column type=&#8221;4_4&#8243; _builder_version=&#8221;4.8.1&#8243; _module_preset=&#8221;default&#8221;][\/et_pb_column][\/et_pb_row][\/et_pb_section][et_pb_section fb_built=&#8221;1&#8243; _builder_version=&#8221;4.8.1&#8243; _module_preset=&#8221;default&#8221; background_color=&#8221;#f2f2f2&#8243;][et_pb_row _builder_version=&#8221;4.8.1&#8243; _module_preset=&#8221;default&#8221;][et_pb_column type=&#8221;4_4&#8243; _builder_version=&#8221;4.8.1&#8243; _module_preset=&#8221;default&#8221;][et_pb_text _builder_version=&#8221;4.8.1&#8243; text_font=&#8221;Petit Formal Script||||||||&#8221; text_text_color=&#8221;#4c4c4c&#8221; text_font_size=&#8221;130px&#8221; text_line_height=&#8221;1em&#8221; text_orientation=&#8221;center&#8221; width_tablet=&#8221;&#8221; width_phone=&#8221;100%&#8221; width_last_edited=&#8221;on|desktop&#8221; module_alignment=&#8221;center&#8221; custom_margin=&#8221;0em||0.1em||false|false&#8221; custom_margin_tablet=&#8221;0em||0.1em||false|false&#8221; custom_margin_phone=&#8221;||-0.2em||false|false&#8221; custom_margin_last_edited=&#8221;on|phone&#8221; scroll_horizontal_motion_enable=&#8221;on&#8221; scroll_horizontal_motion=&#8221;0|50|50|99|0.5|0|-0.5&#8243; scroll_fade_enable=&#8221;on&#8221; scroll_blur_enable=&#8221;on&#8221; hover_enabled=&#8221;0&#8243; text_text_color_tablet=&#8221;#565656&#8243; text_text_color_phone=&#8221;#4c4c4c&#8221; text_text_color_last_edited=&#8221;on|desktop&#8221; text_font_size_tablet=&#8221;90px&#8221; text_font_size_phone=&#8221;40px&#8221; text_font_size_last_edited=&#8221;on|phone&#8221; header_font_size_tablet=&#8221;&#8221; header_font_size_phone=&#8221;55px&#8221; header_font_size_last_edited=&#8221;on|phone&#8221; locked=&#8221;off&#8221; sticky_enabled=&#8221;0&#8243;] [&hellip;]<\/p>\n","protected":false},"author":1,"featured_media":0,"parent":0,"menu_order":0,"comment_status":"closed","ping_status":"closed","template":"","meta":{"_et_pb_use_builder":"on","_et_pb_old_content":"","_et_gb_content_width":""},"yoast_head":"<!-- This site is optimized with the Yoast SEO plugin v15.6.2 - https:\/\/yoast.com\/wordpress\/plugins\/seo\/ -->\n<title>Kokemuksia | Miika H&auml;m&auml;l&auml;inen<\/title>\n<meta name=\"robots\" content=\"index, follow, max-snippet:-1, max-image-preview:large, max-video-preview:-1\" \/>\n<link rel=\"canonical\" href=\"https:\/\/uusi.miikahamalainen.com\/index.php\/kokemuksia\/\" \/>\n<meta property=\"og:locale\" content=\"fi_FI\" \/>\n<meta property=\"og:type\" content=\"article\" \/>\n<meta property=\"og:title\" content=\"Kokemuksia | Miika H&auml;m&auml;l&auml;inen\" \/>\n<meta property=\"og:description\" content=\"[et_pb_section fb_built=&#8221;1&#8243; _builder_version=&#8221;4.8.1&#8243; _module_preset=&#8221;default&#8221; background_color=&#8221;rgba(10,10,10,0.11)&#8221; background_image=&#8221;https:\/\/uusi.miikahamalainen.com\/wp-content\/uploads\/2021\/01\/henkilo\u030824-scaled.jpg&#8221; background_blend=&#8221;overlay&#8221; min_height=&#8221;460px&#8221; max_height=&#8221;743px&#8221;][et_pb_row _builder_version=&#8221;4.8.1&#8243; _module_preset=&#8221;default&#8221;][et_pb_column type=&#8221;4_4&#8243; _builder_version=&#8221;4.8.1&#8243; _module_preset=&#8221;default&#8221;][\/et_pb_column][\/et_pb_row][\/et_pb_section][et_pb_section fb_built=&#8221;1&#8243; _builder_version=&#8221;4.8.1&#8243; _module_preset=&#8221;default&#8221; background_color=&#8221;#f2f2f2&#8243;][et_pb_row _builder_version=&#8221;4.8.1&#8243; _module_preset=&#8221;default&#8221;][et_pb_column type=&#8221;4_4&#8243; _builder_version=&#8221;4.8.1&#8243; _module_preset=&#8221;default&#8221;][et_pb_text _builder_version=&#8221;4.8.1&#8243; text_font=&#8221;Petit Formal Script||||||||&#8221; text_text_color=&#8221;#4c4c4c&#8221; text_font_size=&#8221;130px&#8221; text_line_height=&#8221;1em&#8221; text_orientation=&#8221;center&#8221; width_tablet=&#8221;&#8221; width_phone=&#8221;100%&#8221; width_last_edited=&#8221;on|desktop&#8221; module_alignment=&#8221;center&#8221; custom_margin=&#8221;0em||0.1em||false|false&#8221; custom_margin_tablet=&#8221;0em||0.1em||false|false&#8221; custom_margin_phone=&#8221;||-0.2em||false|false&#8221; custom_margin_last_edited=&#8221;on|phone&#8221; scroll_horizontal_motion_enable=&#8221;on&#8221; scroll_horizontal_motion=&#8221;0|50|50|99|0.5|0|-0.5&#8243; scroll_fade_enable=&#8221;on&#8221; scroll_blur_enable=&#8221;on&#8221; hover_enabled=&#8221;0&#8243; text_text_color_tablet=&#8221;#565656&#8243; text_text_color_phone=&#8221;#4c4c4c&#8221; text_text_color_last_edited=&#8221;on|desktop&#8221; text_font_size_tablet=&#8221;90px&#8221; text_font_size_phone=&#8221;40px&#8221; text_font_size_last_edited=&#8221;on|phone&#8221; header_font_size_tablet=&#8221;&#8221; header_font_size_phone=&#8221;55px&#8221; header_font_size_last_edited=&#8221;on|phone&#8221; locked=&#8221;off&#8221; sticky_enabled=&#8221;0&#8243;] [&hellip;]\" \/>\n<meta property=\"og:url\" content=\"https:\/\/uusi.miikahamalainen.com\/index.php\/kokemuksia\/\" \/>\n<meta property=\"og:site_name\" content=\"Miika H&auml;m&auml;l&auml;inen\" \/>\n<meta property=\"article:modified_time\" content=\"2021-01-22T08:58:08+00:00\" \/>\n<meta property=\"og:image\" content=\"https:\/\/uusi.miikahamalainen.com\/wp-content\/uploads\/2021\/01\/Miikahamalainen.jpg\" \/>\n\t<meta property=\"og:image:width\" content=\"300\" \/>\n\t<meta property=\"og:image:height\" content=\"300\" \/>\n<meta name=\"twitter:card\" content=\"summary_large_image\" \/>\n<meta name=\"twitter:label1\" content=\"Est. reading time\">\n\t<meta name=\"twitter:data1\" content=\"8 minuuttia\">\n<script type=\"application\/ld+json\" class=\"yoast-schema-graph\">{\"@context\":\"https:\/\/schema.org\",\"@graph\":[{\"@type\":\"Organization\",\"@id\":\"https:\/\/uusi.miikahamalainen.com\/#organization\",\"name\":\"Valokuvaaja Miika H\\u00e4m\\u00e4l\\u00e4inen\",\"url\":\"https:\/\/uusi.miikahamalainen.com\/\",\"sameAs\":[],\"logo\":{\"@type\":\"ImageObject\",\"@id\":\"https:\/\/uusi.miikahamalainen.com\/#logo\",\"inLanguage\":\"fi\",\"url\":\"https:\/\/uusi.miikahamalainen.com\/wp-content\/uploads\/2021\/01\/mhp-white.png\",\"width\":600,\"height\":75,\"caption\":\"Valokuvaaja Miika H\\u00e4m\\u00e4l\\u00e4inen\"},\"image\":{\"@id\":\"https:\/\/uusi.miikahamalainen.com\/#logo\"}},{\"@type\":\"WebSite\",\"@id\":\"https:\/\/uusi.miikahamalainen.com\/#website\",\"url\":\"https:\/\/uusi.miikahamalainen.com\/\",\"name\":\"Miika H&auml;m&auml;l&auml;inen\",\"description\":\"Valokuvaus Rovaniemi\",\"publisher\":{\"@id\":\"https:\/\/uusi.miikahamalainen.com\/#organization\"},\"potentialAction\":[{\"@type\":\"SearchAction\",\"target\":\"https:\/\/uusi.miikahamalainen.com\/?s={search_term_string}\",\"query-input\":\"required name=search_term_string\"}],\"inLanguage\":\"fi\"},{\"@type\":\"WebPage\",\"@id\":\"https:\/\/uusi.miikahamalainen.com\/index.php\/kokemuksia\/#webpage\",\"url\":\"https:\/\/uusi.miikahamalainen.com\/index.php\/kokemuksia\/\",\"name\":\"Kokemuksia | Miika H&auml;m&auml;l&auml;inen\",\"isPartOf\":{\"@id\":\"https:\/\/uusi.miikahamalainen.com\/#website\"},\"datePublished\":\"2021-01-21T12:16:51+00:00\",\"dateModified\":\"2021-01-22T08:58:08+00:00\",\"inLanguage\":\"fi\",\"potentialAction\":[{\"@type\":\"ReadAction\",\"target\":[\"https:\/\/uusi.miikahamalainen.com\/index.php\/kokemuksia\/\"]}]}]}<\/script>\n<!-- \/ Yoast SEO plugin. -->","_links":{"self":[{"href":"https:\/\/uusi.miikahamalainen.com\/index.php\/wp-json\/wp\/v2\/pages\/1721"}],"collection":[{"href":"https:\/\/uusi.miikahamalainen.com\/index.php\/wp-json\/wp\/v2\/pages"}],"about":[{"href":"https:\/\/uusi.miikahamalainen.com\/index.php\/wp-json\/wp\/v2\/types\/page"}],"author":[{"embeddable":true,"href":"https:\/\/uusi.miikahamalainen.com\/index.php\/wp-json\/wp\/v2\/users\/1"}],"replies":[{"embeddable":true,"href":"https:\/\/uusi.miikahamalainen.com\/index.php\/wp-json\/wp\/v2\/comments?post=1721"}],"version-history":[{"count":17,"href":"https:\/\/uusi.miikahamalainen.com\/index.php\/wp-json\/wp\/v2\/pages\/1721\/revisions"}],"predecessor-version":[{"id":1785,"href":"https:\/\/uusi.miikahamalainen.com\/index.php\/wp-json\/wp\/v2\/pages\/1721\/revisions\/1785"}],"wp:attachment":[{"href":"https:\/\/uusi.miikahamalainen.com\/index.php\/wp-json\/wp\/v2\/media?parent=1721"}],"curies":[{"name":"wp","href":"https:\/\/api.w.org\/{rel}","templated":true}]}}