{"id":1117,"date":"2021-01-19T12:30:29","date_gmt":"2021-01-19T12:30:29","guid":{"rendered":"https:\/\/uusi.miikahamalainen.com\/?page_id=1117"},"modified":"2021-01-21T18:25:19","modified_gmt":"2021-01-21T18:25:19","slug":"haakuvat","status":"publish","type":"page","link":"https:\/\/uusi.miikahamalainen.com\/index.php\/haakuvat\/","title":{"rendered":"H\u00e4\u00e4kuvat"},"content":{"rendered":"\n[et_pb_section fb_built=&#8221;1&#8243; _builder_version=&#8221;4.8.1&#8243; _module_preset=&#8221;default&#8221; background_color=&#8221;rgba(10,10,10,0.35)&#8221; background_image=&#8221;https:\/\/uusi.miikahamalainen.com\/wp-content\/uploads\/2021\/01\/ha\u0308a\u0308t56-scaled.jpg&#8221; background_blend=&#8221;overlay&#8221; min_height=&#8221;460px&#8221; max_height=&#8221;743px&#8221;][et_pb_row _builder_version=&#8221;4.8.1&#8243; _module_preset=&#8221;default&#8221;][et_pb_column type=&#8221;4_4&#8243; _builder_version=&#8221;4.8.1&#8243; _module_preset=&#8221;default&#8221;][et_pb_text _builder_version=&#8221;4.8.1&#8243; _module_preset=&#8221;default&#8221; header_text_color=&#8221;#FFFFFF&#8221; header_font_size=&#8221;46px&#8221;]<h1 style=\"text-align: center;\">H\u00e4\u00e4kuvat<\/h1>[\/et_pb_text][\/et_pb_column][\/et_pb_row][\/et_pb_section][et_pb_section fb_built=&#8221;1&#8243; _builder_version=&#8221;4.8.1&#8243; _module_preset=&#8221;default&#8221; background_color=&#8221;#f2f2f2&#8243;][et_pb_row _builder_version=&#8221;4.8.1&#8243; _module_preset=&#8221;default&#8221;][et_pb_column type=&#8221;4_4&#8243; _builder_version=&#8221;4.8.1&#8243; _module_preset=&#8221;default&#8221;][et_pb_text _builder_version=&#8221;4.8.1&#8243; _module_preset=&#8221;default&#8221; text_font=&#8221;Montserrat||||||||&#8221; header_line_height_tablet=&#8221;&#8221; header_line_height_phone=&#8221;1.3em&#8221; header_line_height_last_edited=&#8221;on|phone&#8221;]<p>Teen paljon h\u00e4\u00e4kuvauksia erityisesti Pohjois-Suomessa. Kes\u00e4- ja syyskauden viikonloput ovat sesonkiaikaa, jolloin teen puolen- tai koko p\u00e4iv\u00e4n dokumentaarisia h\u00e4\u00e4kuvauksia. Sesonkiajan ulkopuolella h\u00e4\u00e4kuvauspaketit soviteltavissa. H\u00e4\u00e4kuvaukset sis\u00e4lt\u00e4v\u00e4t aina suunnittelupalaverin ja kuvat toimitan valmiiksi k\u00e4siteltyin\u00e4 digitiedostoina.\u00a0<\/p>\n<p>Lis\u00e4ksi toteutan kauniita huomenlahjakuvauksia.<\/p>[\/et_pb_text][\/et_pb_column][\/et_pb_row][\/et_pb_section][et_pb_section fb_built=&#8221;1&#8243; admin_label=&#8221;Gallery&#8221; _builder_version=&#8221;4.8.1&#8243; background_color=&#8221;#f2f2f2&#8243;][et_pb_row _builder_version=&#8221;4.8.1&#8243; _module_preset=&#8221;default&#8221; width=&#8221;90%&#8221;][et_pb_column type=&#8221;4_4&#8243; _builder_version=&#8221;4.8.1&#8243; _module_preset=&#8221;default&#8221;][et_pb_text _builder_version=&#8221;4.8.1&#8243; text_font=&#8221;Petit Formal Script||||||||&#8221; text_text_color=&#8221;rgba(226,226,226,0.29)&#8221; text_font_size=&#8221;140px&#8221; text_line_height=&#8221;1em&#8221; text_orientation=&#8221;center&#8221; width_tablet=&#8221;&#8221; width_phone=&#8221;100%&#8221; width_last_edited=&#8221;on|desktop&#8221; module_alignment=&#8221;center&#8221; custom_margin=&#8221;0em||0.1em||false|false&#8221; custom_margin_tablet=&#8221;0em||0.1em||false|false&#8221; custom_margin_phone=&#8221;||0.3em||false|false&#8221; custom_margin_last_edited=&#8221;on|phone&#8221; scroll_horizontal_motion_enable=&#8221;on&#8221; scroll_horizontal_motion=&#8221;0|50|50|99|0.5|0|-0.5&#8243; scroll_fade_enable=&#8221;on&#8221; scroll_blur_enable=&#8221;on&#8221; text_font_size_tablet=&#8221;100px&#8221; text_font_size_phone=&#8221;51px&#8221; text_font_size_last_edited=&#8221;on|phone&#8221; header_font_size_tablet=&#8221;&#8221; header_font_size_phone=&#8221;55px&#8221; header_font_size_last_edited=&#8221;on|phone&#8221; locked=&#8221;off&#8221;]<p style=\"text-align: center;\"><span style=\"color: #ffffff;\">H\u00e4\u00e4kuvat<\/span><\/p>[\/et_pb_text][dmg_masonry_gallery gallery=&#8221;937,891,925,944,952,945,946,947,949,933,951,953,938,939,940,941,942,935,922,934,943,931,932,930,929,923,924,926,928,927,921,887,920,918,917,886,916,909,915,905,912,913,914,908,889,906,1304,888,899,911,896,1303,901,904,903,890,900,897,1300,1302,1299,1301&#8243; columns=&#8221;4&#8243; gutter=&#8221;29&#8243; columns_tablet=&#8221;&#8221; columns_phone=&#8221;2&#8243; columns_last_edited=&#8221;on|tablet&#8221; gutter_tablet=&#8221;21&#8243; gutter_phone=&#8221;16&#8243; gutter_last_edited=&#8221;on|tablet&#8221; _builder_version=&#8221;4.8.1&#8243; _module_preset=&#8221;default&#8221; hover_enabled=&#8221;0&#8243; sticky_enabled=&#8221;0&#8243;][\/dmg_masonry_gallery][\/et_pb_column][\/et_pb_row][\/et_pb_section][et_pb_section fb_built=&#8221;1&#8243; admin_label=&#8221;Albums&#8221; _builder_version=&#8221;4.8.1&#8243; background_color=&#8221;rgba(53,45,42,0.89)&#8221; custom_padding=&#8221;178px|||||&#8221;][et_pb_row _builder_version=&#8221;4.4.4&#8243; locked=&#8221;off&#8221;][et_pb_column type=&#8221;4_4&#8243; _builder_version=&#8221;4.4.4&#8243;][et_pb_text _builder_version=&#8221;4.8.1&#8243; text_font=&#8221;Petit Formal Script||||||||&#8221; text_text_color=&#8221;rgba(127,115,96,0.16)&#8221; text_font_size=&#8221;140px&#8221; text_line_height=&#8221;1em&#8221; text_orientation=&#8221;center&#8221; width_tablet=&#8221;&#8221; width_phone=&#8221;&#8221; width_last_edited=&#8221;on|phone&#8221; module_alignment=&#8221;center&#8221; custom_margin=&#8221;-0.7em||-0.9em||false|false&#8221; custom_margin_tablet=&#8221;||-40px||false|false&#8221; custom_margin_phone=&#8221;||-62px||false|false&#8221; custom_margin_last_edited=&#8221;on|phone&#8221; scroll_horizontal_motion_enable=&#8221;on&#8221; scroll_horizontal_motion=&#8221;0|50|50|100|0.5|0|-0.5&#8243; scroll_fade_enable=&#8221;on&#8221; scroll_blur_enable=&#8221;on&#8221; text_font_size_tablet=&#8221;100px&#8221; text_font_size_phone=&#8221;50px&#8221; text_font_size_last_edited=&#8221;on|phone&#8221; locked=&#8221;off&#8221;]<p>Valokuvia<\/p>[\/et_pb_text][et_pb_text _builder_version=&#8221;4.8.1&#8243; header_2_text_color=&#8221;#ffffff&#8221; header_2_font_size=&#8221;60px&#8221; header_2_letter_spacing=&#8221;3px&#8221; header_2_line_height=&#8221;1.3em&#8221; text_orientation=&#8221;center&#8221; custom_margin=&#8221;||-1px||false|false&#8221; custom_padding=&#8221;||16px||false|false&#8221; header_2_font_size_tablet=&#8221;40px&#8221; header_2_font_size_phone=&#8221;26px&#8221; header_2_font_size_last_edited=&#8221;on|phone&#8221; locked=&#8221;off&#8221;]<h2>Katso lis\u00e4\u00e4<\/h2>[\/et_pb_text][\/et_pb_column][\/et_pb_row][et_pb_row column_structure=&#8221;1_3,1_3,1_3&#8243; _builder_version=&#8221;4.4.4&#8243;][et_pb_column type=&#8221;1_3&#8243; _builder_version=&#8221;4.4.4&#8243;][et_pb_blurb title=&#8221;Raskauskuvat&#8221; image=&#8221;https:\/\/uusi.miikahamalainen.com\/wp-content\/uploads\/2021\/01\/raskauskuvat9-scaled.jpg&#8221; title_tablet=&#8221;H\u00e4\u00e4kuvat&#8221; title_phone=&#8221;H\u00e4\u00e4kuvat&#8221; title_last_edited=&#8221;on|desktop&#8221; _builder_version=&#8221;4.8.1&#8243; _dynamic_attributes=&#8221;link_option_url&#8221; header_font=&#8221;||||||||&#8221; header_text_color=&#8221;#FFFFFF&#8221; header_font_size=&#8221;20px&#8221; header_letter_spacing=&#8221;2px&#8221; header_line_height=&#8221;1.4em&#8221; body_font=&#8221;Antic Didone|||on|||||&#8221; body_text_color=&#8221;#000000&#8243; body_font_size=&#8221;30px&#8221; body_letter_spacing=&#8221;2px&#8221; custom_margin=&#8221;||60px||false|false&#8221; custom_margin_tablet=&#8221;||40px||false|false&#8221; custom_margin_phone=&#8221;||20px||false|false&#8221; custom_margin_last_edited=&#8221;on|phone&#8221; link_option_url=&#8221;@ET-DC@eyJkeW5hbWljIjp0cnVlLCJjb250ZW50IjoicG9zdF9saW5rX3VybF9wYWdlIiwic2V0dGluZ3MiOnsicG9zdF9pZCI6IjExMTAifX0=@&#8221; header_font_size_tablet=&#8221;18px&#8221; header_font_size_phone=&#8221;16px&#8221; header_font_size_last_edited=&#8221;on|phone&#8221; body_font_size_tablet=&#8221;26px&#8221; body_font_size_phone=&#8221;18px&#8221; body_font_size_last_edited=&#8221;on|desktop&#8221; locked=&#8221;off&#8221;][\/et_pb_blurb][\/et_pb_column][et_pb_column type=&#8221;1_3&#8243; _builder_version=&#8221;4.4.4&#8243;][et_pb_blurb title=&#8221;Studiokuvat&#8221; image=&#8221;https:\/\/uusi.miikahamalainen.com\/wp-content\/uploads\/2021\/01\/studio33-scaled.jpg&#8221; _builder_version=&#8221;4.8.1&#8243; _dynamic_attributes=&#8221;link_option_url&#8221; header_font=&#8221;||||||||&#8221; header_text_align=&#8221;left&#8221; header_text_color=&#8221;#FFFFFF&#8221; header_font_size=&#8221;20px&#8221; header_letter_spacing=&#8221;2px&#8221; header_line_height=&#8221;1.4em&#8221; body_font=&#8221;Antic Didone|||on|||||&#8221; body_text_color=&#8221;#000000&#8243; body_font_size=&#8221;30px&#8221; body_letter_spacing=&#8221;2px&#8221; custom_margin=&#8221;||60px||false|false&#8221; custom_margin_tablet=&#8221;||40px||false|false&#8221; custom_margin_phone=&#8221;||20px||false|false&#8221; custom_margin_last_edited=&#8221;on|phone&#8221; link_option_url=&#8221;@ET-DC@eyJkeW5hbWljIjp0cnVlLCJjb250ZW50IjoicG9zdF9saW5rX3VybF9wYWdlIiwic2V0dGluZ3MiOnsicG9zdF9pZCI6IjExMjUifX0=@&#8221; header_font_size_tablet=&#8221;18px&#8221; header_font_size_phone=&#8221;16px&#8221; header_font_size_last_edited=&#8221;on|phone&#8221; body_font_size_tablet=&#8221;26px&#8221; body_font_size_phone=&#8221;18px&#8221; body_font_size_last_edited=&#8221;on|desktop&#8221; locked=&#8221;off&#8221;][\/et_pb_blurb][\/et_pb_column][et_pb_column type=&#8221;1_3&#8243; _builder_version=&#8221;4.4.4&#8243;][et_pb_blurb title=&#8221;Henkil\u00f6kuvat&#8221; image=&#8221;https:\/\/uusi.miikahamalainen.com\/wp-content\/uploads\/2021\/01\/henkilo\u030827-scaled.jpg&#8221; _builder_version=&#8221;4.8.1&#8243; _dynamic_attributes=&#8221;link_option_url&#8221; header_text_color=&#8221;#FFFFFF&#8221; header_font_size=&#8221;20px&#8221; header_letter_spacing=&#8221;2px&#8221; header_line_height=&#8221;1.4em&#8221; body_font=&#8221;Antic Didone|||on|||||&#8221; body_text_color=&#8221;#000000&#8243; body_font_size=&#8221;30px&#8221; body_letter_spacing=&#8221;2px&#8221; custom_margin=&#8221;||60px||false|false&#8221; custom_margin_tablet=&#8221;||40px||false|false&#8221; custom_margin_phone=&#8221;||20px||false|false&#8221; custom_margin_last_edited=&#8221;on|phone&#8221; link_option_url=&#8221;@ET-DC@eyJkeW5hbWljIjp0cnVlLCJjb250ZW50IjoicG9zdF9saW5rX3VybF9wYWdlIiwic2V0dGluZ3MiOnsicG9zdF9pZCI6IjExMzIifX0=@&#8221; header_font_size_tablet=&#8221;18px&#8221; header_font_size_phone=&#8221;16px&#8221; header_font_size_last_edited=&#8221;on|phone&#8221; body_font_size_tablet=&#8221;26px&#8221; body_font_size_phone=&#8221;18px&#8221; body_font_size_last_edited=&#8221;on|desktop&#8221; locked=&#8221;off&#8221;][\/et_pb_blurb][\/et_pb_column][\/et_pb_row][\/et_pb_section]\n","protected":false},"excerpt":{"rendered":"","protected":false},"author":1,"featured_media":0,"parent":0,"menu_order":0,"comment_status":"closed","ping_status":"closed","template":"","meta":{"_et_pb_use_builder":"on","_et_pb_old_content":"","_et_gb_content_width":""},"yoast_head":"<!-- This site is optimized with the Yoast SEO plugin v15.6.2 - https:\/\/yoast.com\/wordpress\/plugins\/seo\/ -->\n<title>H\u00e4\u00e4kuvat | Miika H&auml;m&auml;l&auml;inen | Rovaniemi | Lapland<\/title>\n<meta name=\"description\" content=\"Teen paljon h\u00e4\u00e4kuvauksia erityisesti Pohjois-Suomessa. Kes\u00e4- ja syyskauden viikonloput ovat sesonkiaikaa. Ota minuun yhteytt\u00e4!\" \/>\n<meta name=\"robots\" content=\"index, follow, max-snippet:-1, max-image-preview:large, max-video-preview:-1\" \/>\n<link rel=\"canonical\" href=\"https:\/\/uusi.miikahamalainen.com\/index.php\/haakuvat\/\" \/>\n<meta property=\"og:locale\" content=\"fi_FI\" \/>\n<meta property=\"og:type\" content=\"article\" \/>\n<meta property=\"og:title\" content=\"H\u00e4\u00e4kuvat | Miika H&auml;m&auml;l&auml;inen | Rovaniemi | Lapland\" \/>\n<meta property=\"og:description\" content=\"Teen paljon h\u00e4\u00e4kuvauksia erityisesti Pohjois-Suomessa. Kes\u00e4- ja syyskauden viikonloput ovat sesonkiaikaa. Ota minuun yhteytt\u00e4!\" \/>\n<meta property=\"og:url\" content=\"https:\/\/uusi.miikahamalainen.com\/index.php\/haakuvat\/\" \/>\n<meta property=\"og:site_name\" content=\"Miika H&auml;m&auml;l&auml;inen\" \/>\n<meta property=\"article:modified_time\" content=\"2021-01-21T18:25:19+00:00\" \/>\n<meta property=\"og:image\" content=\"https:\/\/uusi.miikahamalainen.com\/wp-content\/uploads\/2021\/01\/Miikahamalainen.jpg\" \/>\n\t<meta property=\"og:image:width\" content=\"300\" \/>\n\t<meta property=\"og:image:height\" content=\"300\" \/>\n<meta name=\"twitter:card\" content=\"summary_large_image\" \/>\n<meta name=\"twitter:label1\" content=\"Est. reading time\">\n\t<meta name=\"twitter:data1\" content=\"2 minuuttia\">\n<script type=\"application\/ld+json\" class=\"yoast-schema-graph\">{\"@context\":\"https:\/\/schema.org\",\"@graph\":[{\"@type\":\"Organization\",\"@id\":\"https:\/\/uusi.miikahamalainen.com\/#organization\",\"name\":\"Valokuvaaja Miika H\\u00e4m\\u00e4l\\u00e4inen\",\"url\":\"https:\/\/uusi.miikahamalainen.com\/\",\"sameAs\":[],\"logo\":{\"@type\":\"ImageObject\",\"@id\":\"https:\/\/uusi.miikahamalainen.com\/#logo\",\"inLanguage\":\"fi\",\"url\":\"https:\/\/uusi.miikahamalainen.com\/wp-content\/uploads\/2021\/01\/mhp-white.png\",\"width\":600,\"height\":75,\"caption\":\"Valokuvaaja Miika H\\u00e4m\\u00e4l\\u00e4inen\"},\"image\":{\"@id\":\"https:\/\/uusi.miikahamalainen.com\/#logo\"}},{\"@type\":\"WebSite\",\"@id\":\"https:\/\/uusi.miikahamalainen.com\/#website\",\"url\":\"https:\/\/uusi.miikahamalainen.com\/\",\"name\":\"Miika H&auml;m&auml;l&auml;inen\",\"description\":\"Valokuvaus Rovaniemi\",\"publisher\":{\"@id\":\"https:\/\/uusi.miikahamalainen.com\/#organization\"},\"potentialAction\":[{\"@type\":\"SearchAction\",\"target\":\"https:\/\/uusi.miikahamalainen.com\/?s={search_term_string}\",\"query-input\":\"required name=search_term_string\"}],\"inLanguage\":\"fi\"},{\"@type\":\"WebPage\",\"@id\":\"https:\/\/uusi.miikahamalainen.com\/index.php\/haakuvat\/#webpage\",\"url\":\"https:\/\/uusi.miikahamalainen.com\/index.php\/haakuvat\/\",\"name\":\"H\\u00e4\\u00e4kuvat | Miika H&auml;m&auml;l&auml;inen | Rovaniemi | Lapland\",\"isPartOf\":{\"@id\":\"https:\/\/uusi.miikahamalainen.com\/#website\"},\"datePublished\":\"2021-01-19T12:30:29+00:00\",\"dateModified\":\"2021-01-21T18:25:19+00:00\",\"description\":\"Teen paljon h\\u00e4\\u00e4kuvauksia erityisesti Pohjois-Suomessa. Kes\\u00e4- ja syyskauden viikonloput ovat sesonkiaikaa. Ota minuun yhteytt\\u00e4!\",\"inLanguage\":\"fi\",\"potentialAction\":[{\"@type\":\"ReadAction\",\"target\":[\"https:\/\/uusi.miikahamalainen.com\/index.php\/haakuvat\/\"]}]}]}<\/script>\n<!-- \/ Yoast SEO plugin. -->","_links":{"self":[{"href":"https:\/\/uusi.miikahamalainen.com\/index.php\/wp-json\/wp\/v2\/pages\/1117"}],"collection":[{"href":"https:\/\/uusi.miikahamalainen.com\/index.php\/wp-json\/wp\/v2\/pages"}],"about":[{"href":"https:\/\/uusi.miikahamalainen.com\/index.php\/wp-json\/wp\/v2\/types\/page"}],"author":[{"embeddable":true,"href":"https:\/\/uusi.miikahamalainen.com\/index.php\/wp-json\/wp\/v2\/users\/1"}],"replies":[{"embeddable":true,"href":"https:\/\/uusi.miikahamalainen.com\/index.php\/wp-json\/wp\/v2\/comments?post=1117"}],"version-history":[{"count":16,"href":"https:\/\/uusi.miikahamalainen.com\/index.php\/wp-json\/wp\/v2\/pages\/1117\/revisions"}],"predecessor-version":[{"id":1773,"href":"https:\/\/uusi.miikahamalainen.com\/index.php\/wp-json\/wp\/v2\/pages\/1117\/revisions\/1773"}],"wp:attachment":[{"href":"https:\/\/uusi.miikahamalainen.com\/index.php\/wp-json\/wp\/v2\/media?parent=1117"}],"curies":[{"name":"wp","href":"https:\/\/api.w.org\/{rel}","templated":true}]}}